{"id":9,"date":"2021-11-18T18:58:55","date_gmt":"2021-11-18T17:58:55","guid":{"rendered":"https:\/\/nu724318808.wordpress.com\/contact\/"},"modified":"2024-02-09T09:42:59","modified_gmt":"2024-02-09T08:42:59","slug":"contact","status":"publish","type":"page","link":"https:\/\/www.nicholasbeecroft.fr\/index.php\/contact\/","title":{"rendered":"Me Contacter"},"content":{"rendered":"\n<p class=\"has-text-align-left\">N&rsquo;h\u00e9sitez pas \u00e0 me contacter aux coordonn\u00e9es ci-dessous juste pour avoir un premier entretien t\u00e9l\u00e9phonique pour en savoir plus<\/p>\n\n\n\n<div style=\"height:32px\" aria-hidden=\"true\" class=\"wp-block-spacer desktop-only\"><\/div>\n\n\n\n<div class=\"wp-block-columns alignwide has-2-columns is-layout-flex wp-container-core-columns-is-layout-9d6595d7 wp-block-columns-is-layout-flex\">\n<div class=\"wp-block-column is-layout-flow wp-block-column-is-layout-flow\">\n<h2 class=\"wp-block-heading has-text-align-left\" id=\"contactez-moi\">Contactez-moi<\/h2>\n\n\n\n<div class=\"wp-block-jetpack-contact-info\">\n\n<div class=\"wp-block-jetpack-address\"><a href=\"https:\/\/www.google.com\/maps\/search\/4+rue des Chasseurs,+Ville,+OBERHASLACH,+67280+FRANCE\" target=\"_blank\" rel=\"noopener noreferrer\" title=\"Ouvrir l\u2019adresse dans Google Maps\"><div class=\"jetpack-address__address jetpack-address__address1\">4 rue des Chasseurs<\/div><div><span class=\"jetpack-address__city\">Ville<\/span>, <span class=\"jetpack-address__region\">OBERHASLACH<\/span> <span class=\"jetpack-address__postal\">67280<\/span><\/div><div class=\"jetpack-address__country\">FRANCE<\/div><\/a><\/div>\n\n\n<div class=\"wp-block-jetpack-email\"><a href=\"mailto:nickbee8@gmail.com\">nickbee8@gmail.com<\/a><\/div>\n\n\n<div class=\"wp-block-jetpack-phone\"><a href=\"tel:00330648248200\">(0033) 06 48 24 82 00<\/a><\/div>\n\n<\/div>\n\n\n\n<p>Merci de privil\u00e9gier un message texto SMS ou un e-mail pour entrer en lien. Malheureusement, comme beaucoup d&rsquo;entre nous, je suis inond\u00e9 par des publicit\u00e9s donc je ne d\u00e9croche pas syst\u00e9matiquement \u00e0 des num\u00e9ros inconnus. <\/p>\n\n\n\n<p>Pour suivre mes activit\u00e9s, <a href=\"https:\/\/nickbee8.systeme.io\/054e0977\"><strong>inscrivez vous \u00e0 ma newsletter<\/strong><\/a><\/p>\n\n\n\n<p><\/p>\n<\/div>\n\n\n\n<div class=\"wp-block-column is-layout-flow wp-block-column-is-layout-flow\">\n<h2 class=\"wp-block-heading has-text-align-left\" id=\"envoyez-moi-un-message\"><\/h2>\n\n\n\n<figure class=\"wp-block-image size-large\"><img loading=\"lazy\" decoding=\"async\" width=\"1024\" height=\"585\" src=\"https:\/\/www.nicholasbeecroft.fr\/wp-content\/uploads\/2024\/02\/La-Nudite-de-lEtre-1024x585.png\" alt=\"\" class=\"wp-image-791\" srcset=\"https:\/\/www.nicholasbeecroft.fr\/wp-content\/uploads\/2024\/02\/La-Nudite-de-lEtre-1024x585.png 1024w, https:\/\/www.nicholasbeecroft.fr\/wp-content\/uploads\/2024\/02\/La-Nudite-de-lEtre-300x171.png 300w, https:\/\/www.nicholasbeecroft.fr\/wp-content\/uploads\/2024\/02\/La-Nudite-de-lEtre-768x439.png 768w, https:\/\/www.nicholasbeecroft.fr\/wp-content\/uploads\/2024\/02\/La-Nudite-de-lEtre.png 1050w\" sizes=\"auto, (max-width: 1024px) 100vw, 1024px\" \/><\/figure>\n<\/div>\n<\/div>\n","protected":false},"excerpt":{"rendered":"<p>N&rsquo;h\u00e9sitez pas \u00e0 me contacter aux coordonn\u00e9es ci-dessous juste pour avoir un premier entretien t\u00e9l\u00e9phonique pour en savoir plus Contactez-moi Merci de privil\u00e9gier un message texto SMS ou un e-mail pour entrer en lien. Malheureusement, comme beaucoup d&rsquo;entre nous, je suis inond\u00e9 par des publicit\u00e9s donc je ne d\u00e9croche pas syst\u00e9matiquement \u00e0 des num\u00e9ros inconnus.&hellip; <a class=\"more-link\" href=\"https:\/\/www.nicholasbeecroft.fr\/index.php\/contact\/\">Poursuivre la lecture <span class=\"screen-reader-text\">Me Contacter<\/span><\/a><\/p>\n","protected":false},"author":1,"featured_media":0,"parent":0,"menu_order":1,"comment_status":"closed","ping_status":"closed","template":"","meta":{"footnotes":""},"class_list":["post-9","page","type-page","status-publish","hentry","entry"],"_links":{"self":[{"href":"https:\/\/www.nicholasbeecroft.fr\/index.php\/wp-json\/wp\/v2\/pages\/9","targetHints":{"allow":["GET"]}}],"collection":[{"href":"https:\/\/www.nicholasbeecroft.fr\/index.php\/wp-json\/wp\/v2\/pages"}],"about":[{"href":"https:\/\/www.nicholasbeecroft.fr\/index.php\/wp-json\/wp\/v2\/types\/page"}],"author":[{"embeddable":true,"href":"https:\/\/www.nicholasbeecroft.fr\/index.php\/wp-json\/wp\/v2\/users\/1"}],"replies":[{"embeddable":true,"href":"https:\/\/www.nicholasbeecroft.fr\/index.php\/wp-json\/wp\/v2\/comments?post=9"}],"version-history":[{"count":5,"href":"https:\/\/www.nicholasbeecroft.fr\/index.php\/wp-json\/wp\/v2\/pages\/9\/revisions"}],"predecessor-version":[{"id":792,"href":"https:\/\/www.nicholasbeecroft.fr\/index.php\/wp-json\/wp\/v2\/pages\/9\/revisions\/792"}],"wp:attachment":[{"href":"https:\/\/www.nicholasbeecroft.fr\/index.php\/wp-json\/wp\/v2\/media?parent=9"}],"curies":[{"name":"wp","href":"https:\/\/api.w.org\/{rel}","templated":true}]}}