{"id":106,"date":"2021-12-21T13:59:58","date_gmt":"2021-12-21T12:59:58","guid":{"rendered":"https:\/\/nu724318808.wordpress.com\/?page_id=106"},"modified":"2022-04-04T15:02:21","modified_gmt":"2022-04-04T13:02:21","slug":"nu-naked","status":"publish","type":"page","link":"https:\/\/www.nicholasbeecroft.fr\/index.php\/nu-naked\/","title":{"rendered":"NU = Naked"},"content":{"rendered":"\n<figure class=\"wp-block-image size-large is-resized wp-duotone-333-rgba2502552510-1\"><img loading=\"lazy\" decoding=\"async\" src=\"https:\/\/www.nicholasbeecroft.fr\/wp-content\/uploads\/2021\/12\/p1250054-2-2.jpg?w=1024\" alt=\"\" class=\"wp-image-197\" width=\"530\" height=\"352\" srcset=\"https:\/\/www.nicholasbeecroft.fr\/wp-content\/uploads\/2021\/12\/p1250054-2-2.jpg 2048w, https:\/\/www.nicholasbeecroft.fr\/wp-content\/uploads\/2021\/12\/p1250054-2-2-300x199.jpg 300w, https:\/\/www.nicholasbeecroft.fr\/wp-content\/uploads\/2021\/12\/p1250054-2-2-1024x680.jpg 1024w, https:\/\/www.nicholasbeecroft.fr\/wp-content\/uploads\/2021\/12\/p1250054-2-2-768x510.jpg 768w, https:\/\/www.nicholasbeecroft.fr\/wp-content\/uploads\/2021\/12\/p1250054-2-2-1536x1020.jpg 1536w, https:\/\/www.nicholasbeecroft.fr\/wp-content\/uploads\/2021\/12\/p1250054-2-2-1568x1041.jpg 1568w\" sizes=\"auto, (max-width: 530px) 100vw, 530px\" \/><\/figure>\n\n\n\n<div class=\"wp-block-group alignfull\"><div class=\"wp-block-group__inner-container is-layout-flow wp-block-group-is-layout-flow\">\n<div class=\"wp-block-jetpack-layout-grid alignfull column1-desktop-grid__span-2 column1-desktop-grid__start-2 column1-desktop-grid__row-1 column2-desktop-grid__span-6 column2-desktop-grid__start-4 column2-desktop-grid__row-1 column3-desktop-grid__span-2 column3-desktop-grid__start-11 column3-desktop-grid__row-1 column1-tablet-grid__span-3 column1-tablet-grid__row-1 column2-tablet-grid__span-5 column2-tablet-grid__start-4 column2-tablet-grid__row-1 column3-tablet-grid__span-3 column3-tablet-grid__start-4 column3-tablet-grid__row-2 column1-mobile-grid__span-4 column1-mobile-grid__row-1 column2-mobile-grid__span-4 column2-mobile-grid__row-2 column3-mobile-grid__span-4 column3-mobile-grid__row-3\">\n<div class=\"wp-block-jetpack-layout-grid-column wp-block-jetpack-layout-grid__padding-none\">\n<h4 class=\"has-text-align-left wp-block-heading\" id=\"naked\">Naked<\/h4>\n<\/div>\n\n\n\n<div class=\"wp-block-jetpack-layout-grid-column wp-block-jetpack-layout-grid__padding-none\">\n<p>La nudit\u00e9 de l\u2019\u00eatre ; oser \u00eatre soi-m\u00eame. Nous comprenons la notion de la nudit\u00e9 physique. Pour certains d&rsquo;entre nous, cette nudit\u00e9 l\u00e0 nous fait d\u00e9j\u00e0 peur. Mais, qu&rsquo;est-ce que la nudit\u00e9 psychologique ? Dire la v\u00e9rit\u00e9, voir la v\u00e9rit\u00e9 (de qui nous sommes) \u2026 Oser regarder notre ombre ; oser regarder ce qui est vraiment l\u00e0&#8230; Oser regarder derri\u00e8re des histoires que nous aimons nous raconter&#8230; passer par-del\u00e0 de l&rsquo;image dor\u00e9e que nous \u00e9rigons de nous-m\u00eame, mais \u00e9viter l\u2019auto-flagellation et le \u00ab\u00a0je suis nul\u00a0\u00bb qui nous renvoie dans une spirale de descente aux enfers. \u00catre nu psychologiquement ne nous a pas \u00e9t\u00e9 appris \u00e0 l&rsquo;\u00e9cole, souvent m\u00eame pas dans nos familles et puis malheureusement, parfois nous ne le trouvons m\u00eame pas dans notre couple. Comment faire alors ? Les cercles de soutien peuvent \u00eatre une premi\u00e8re source d\u2019exp\u00e9rience ; un endroit o\u00f9 nous pouvons tester le \u00ab\u00a0terrain\u00a0\u00bb; oser se mettre un peu \u00e0 nu avec le groupe, voir que c&rsquo;est OK, tester le bain de la fraternit\u00e9\/sororit\u00e9. <\/p>\n\n\n\n<p>Ou lors une s\u00e9ance individuelle pour commencer \u00e0 retrouver cette confiance en nous-m\u00eames\u2026<\/p>\n<\/div>\n\n\n\n<div class=\"wp-block-jetpack-layout-grid-column wp-block-jetpack-layout-grid__padding-none\"><\/div>\n<\/div>\n<\/div><\/div>\n\n\n\n<div style=\"height:96px\" aria-hidden=\"true\" class=\"wp-block-spacer\"><\/div>\n\n\n\n<div class=\"wp-block-group alignfull has-background-light-background-color has-background\"><div class=\"wp-block-group__inner-container is-layout-flow wp-block-group-is-layout-flow\">\n<div class=\"wp-block-jetpack-layout-grid alignfull column1-desktop-grid__span-10 column1-desktop-grid__start-2 column1-desktop-grid__row-1 column1-tablet-grid__span-8 column1-tablet-grid__row-1 column1-mobile-grid__span-4 column1-mobile-grid__row-1\">\n<div class=\"wp-block-jetpack-layout-grid-column wp-block-jetpack-layout-grid__padding-none\">\n<div style=\"height:64px\" aria-hidden=\"true\" class=\"wp-block-spacer\"><\/div>\n\n\n\n<hr class=\"wp-block-separator is-style-default\"\/>\n\n\n\n<div style=\"height:20px\" aria-hidden=\"true\" class=\"wp-block-spacer\"><\/div>\n\n\n\n<blockquote class=\"wp-block-quote has-text-align-center is-style-large is-layout-flow wp-block-quote-is-layout-flow\"><p>\u00ab&nbsp;La nudit\u00e9, c&rsquo;est de se voir nu.&nbsp;\u00bb<\/p><cite>Victor Hugo<\/cite><\/blockquote>\n\n\n\n<div style=\"height:20px\" aria-hidden=\"true\" class=\"wp-block-spacer\"><\/div>\n\n\n\n<hr class=\"wp-block-separator\"\/>\n\n\n\n<div style=\"height:64px\" aria-hidden=\"true\" class=\"wp-block-spacer\"><\/div>\n<\/div>\n<\/div>\n<\/div><\/div>\n\n\n\n<div class=\"wp-block-group alignfull\"><div class=\"wp-block-group__inner-container is-layout-flow wp-block-group-is-layout-flow\">\n<div style=\"height:64px\" aria-hidden=\"true\" class=\"wp-block-spacer\"><\/div>\n\n\n\n<div class=\"wp-block-jetpack-layout-grid alignfull column1-desktop-grid__span-2 column1-desktop-grid__start-2 column1-desktop-grid__row-1 column2-desktop-grid__span-3 column2-desktop-grid__start-4 column2-desktop-grid__row-1 column3-desktop-grid__span-3 column3-desktop-grid__start-7 column3-desktop-grid__row-1 column4-desktop-grid__span-3 column4-desktop-grid__start-10 column4-desktop-grid__row-1 column1-tablet-grid__span-4 column1-tablet-grid__row-1 column2-tablet-grid__span-4 column2-tablet-grid__start-5 column2-tablet-grid__row-1 column3-tablet-grid__span-4 column3-tablet-grid__row-2 column4-tablet-grid__span-4 column4-tablet-grid__start-5 column4-tablet-grid__row-2 column1-mobile-grid__span-4 column1-mobile-grid__row-1 column2-mobile-grid__span-4 column2-mobile-grid__row-2 column3-mobile-grid__span-4 column3-mobile-grid__row-3 column4-mobile-grid__span-4 column4-mobile-grid__row-4\">\n<div class=\"wp-block-jetpack-layout-grid-column wp-block-jetpack-layout-grid__padding-none\">\n<h4 class=\"has-text-align-left wp-block-heading\" id=\"me-contacter\">Me contacter<\/h4>\n<\/div>\n\n\n\n<div class=\"wp-block-jetpack-layout-grid-column wp-block-jetpack-layout-grid__padding-none\">\n<div class=\"wp-block-jetpack-contact-info\">\n\n<div class=\"wp-block-jetpack-address\"><a href=\"https:\/\/www.google.com\/maps\/search\/4+rue des Chasseurs,+OBERHASLACH,+67280+FRANCE\" target=\"_blank\" rel=\"noopener noreferrer\" title=\"Ouvrir l\u2019adresse dans Google Maps\"><div class=\"jetpack-address__address jetpack-address__address1\">4 rue des Chasseurs<\/div><div><span class=\"jetpack-address__city\">OBERHASLACH<\/span>, <span class=\"jetpack-address__region\"><\/span> <span class=\"jetpack-address__postal\">67280<\/span><\/div><div class=\"jetpack-address__country\">FRANCE<\/div><\/a><\/div>\n\n<\/div>\n<\/div>\n\n\n\n<div class=\"wp-block-jetpack-layout-grid-column wp-block-jetpack-layout-grid__padding-none\">\n<div class=\"wp-block-jetpack-contact-info\">\n\n<div class=\"wp-block-jetpack-email\"><a href=\"mailto:nickbee8@gmail.com\">nickbee8@gmail.com<\/a><\/div>\n\n\n<div class=\"wp-block-jetpack-phone\"><a href=\"tel:0648248200\">06 48 24 82 00<\/a><\/div>\n\n<\/div>\n<\/div>\n\n\n\n<div class=\"wp-block-jetpack-layout-grid-column wp-block-jetpack-layout-grid__padding-none\">\n<ul class=\"wp-block-social-links is-layout-flex wp-block-social-links-is-layout-flex\"><li class=\"wp-social-link wp-social-link-facebook  wp-block-social-link\"><a href=\"https:\/\/facebook.com\" class=\"wp-block-social-link-anchor\"><svg width=\"24\" height=\"24\" viewBox=\"0 0 24 24\" version=\"1.1\" xmlns=\"http:\/\/www.w3.org\/2000\/svg\" aria-hidden=\"true\" focusable=\"false\"><path d=\"M12 2C6.5 2 2 6.5 2 12c0 5 3.7 9.1 8.4 9.9v-7H7.9V12h2.5V9.8c0-2.5 1.5-3.9 3.8-3.9 1.1 0 2.2.2 2.2.2v2.5h-1.3c-1.2 0-1.6.8-1.6 1.6V12h2.8l-.4 2.9h-2.3v7C18.3 21.1 22 17 22 12c0-5.5-4.5-10-10-10z\"><\/path><\/svg><span class=\"wp-block-social-link-label screen-reader-text\">Facebook<\/span><\/a><\/li>\n\n<li class=\"wp-social-link wp-social-link-instagram  wp-block-social-link\"><a href=\"https:\/\/instagram.com\" class=\"wp-block-social-link-anchor\"><svg width=\"24\" height=\"24\" viewBox=\"0 0 24 24\" version=\"1.1\" xmlns=\"http:\/\/www.w3.org\/2000\/svg\" aria-hidden=\"true\" focusable=\"false\"><path d=\"M12,4.622c2.403,0,2.688,0.009,3.637,0.052c0.877,0.04,1.354,0.187,1.671,0.31c0.42,0.163,0.72,0.358,1.035,0.673 c0.315,0.315,0.51,0.615,0.673,1.035c0.123,0.317,0.27,0.794,0.31,1.671c0.043,0.949,0.052,1.234,0.052,3.637 s-0.009,2.688-0.052,3.637c-0.04,0.877-0.187,1.354-0.31,1.671c-0.163,0.42-0.358,0.72-0.673,1.035 c-0.315,0.315-0.615,0.51-1.035,0.673c-0.317,0.123-0.794,0.27-1.671,0.31c-0.949,0.043-1.233,0.052-3.637,0.052 s-2.688-0.009-3.637-0.052c-0.877-0.04-1.354-0.187-1.671-0.31c-0.42-0.163-0.72-0.358-1.035-0.673 c-0.315-0.315-0.51-0.615-0.673-1.035c-0.123-0.317-0.27-0.794-0.31-1.671C4.631,14.688,4.622,14.403,4.622,12 s0.009-2.688,0.052-3.637c0.04-0.877,0.187-1.354,0.31-1.671c0.163-0.42,0.358-0.72,0.673-1.035 c0.315-0.315,0.615-0.51,1.035-0.673c0.317-0.123,0.794-0.27,1.671-0.31C9.312,4.631,9.597,4.622,12,4.622 M12,3 C9.556,3,9.249,3.01,8.289,3.054C7.331,3.098,6.677,3.25,6.105,3.472C5.513,3.702,5.011,4.01,4.511,4.511 c-0.5,0.5-0.808,1.002-1.038,1.594C3.25,6.677,3.098,7.331,3.054,8.289C3.01,9.249,3,9.556,3,12c0,2.444,0.01,2.751,0.054,3.711 c0.044,0.958,0.196,1.612,0.418,2.185c0.23,0.592,0.538,1.094,1.038,1.594c0.5,0.5,1.002,0.808,1.594,1.038 c0.572,0.222,1.227,0.375,2.185,0.418C9.249,20.99,9.556,21,12,21s2.751-0.01,3.711-0.054c0.958-0.044,1.612-0.196,2.185-0.418 c0.592-0.23,1.094-0.538,1.594-1.038c0.5-0.5,0.808-1.002,1.038-1.594c0.222-0.572,0.375-1.227,0.418-2.185 C20.99,14.751,21,14.444,21,12s-0.01-2.751-0.054-3.711c-0.044-0.958-0.196-1.612-0.418-2.185c-0.23-0.592-0.538-1.094-1.038-1.594 c-0.5-0.5-1.002-0.808-1.594-1.038c-0.572-0.222-1.227-0.375-2.185-0.418C14.751,3.01,14.444,3,12,3L12,3z M12,7.378 c-2.552,0-4.622,2.069-4.622,4.622S9.448,16.622,12,16.622s4.622-2.069,4.622-4.622S14.552,7.378,12,7.378z M12,15 c-1.657,0-3-1.343-3-3s1.343-3,3-3s3,1.343,3,3S13.657,15,12,15z M16.804,6.116c-0.596,0-1.08,0.484-1.08,1.08 s0.484,1.08,1.08,1.08c0.596,0,1.08-0.484,1.08-1.08S17.401,6.116,16.804,6.116z\"><\/path><\/svg><span class=\"wp-block-social-link-label screen-reader-text\">Instagram<\/span><\/a><\/li>\n\n\n\n<\/ul>\n<\/div>\n<\/div>\n\n\n\n<div style=\"height:64px\" aria-hidden=\"true\" class=\"wp-block-spacer\"><\/div>\n<\/div><\/div>\n","protected":false},"excerpt":{"rendered":"<p>Naked La nudit\u00e9 de l\u2019\u00eatre ; oser \u00eatre soi-m\u00eame. Nous comprenons la notion de la nudit\u00e9 physique. Pour certains d&rsquo;entre nous, cette nudit\u00e9 l\u00e0 nous fait d\u00e9j\u00e0 peur. Mais, qu&rsquo;est-ce que la nudit\u00e9 psychologique ? Dire la v\u00e9rit\u00e9, voir la v\u00e9rit\u00e9 (de qui nous sommes) \u2026 Oser regarder notre ombre ; oser regarder ce qui&hellip; <a class=\"more-link\" href=\"https:\/\/www.nicholasbeecroft.fr\/index.php\/nu-naked\/\">Poursuivre la lecture <span class=\"screen-reader-text\">NU = Naked<\/span><\/a><\/p>\n","protected":false},"author":1,"featured_media":0,"parent":0,"menu_order":0,"comment_status":"closed","ping_status":"closed","template":"","meta":{"footnotes":""},"class_list":["post-106","page","type-page","status-publish","hentry","entry"],"_links":{"self":[{"href":"https:\/\/www.nicholasbeecroft.fr\/index.php\/wp-json\/wp\/v2\/pages\/106","targetHints":{"allow":["GET"]}}],"collection":[{"href":"https:\/\/www.nicholasbeecroft.fr\/index.php\/wp-json\/wp\/v2\/pages"}],"about":[{"href":"https:\/\/www.nicholasbeecroft.fr\/index.php\/wp-json\/wp\/v2\/types\/page"}],"author":[{"embeddable":true,"href":"https:\/\/www.nicholasbeecroft.fr\/index.php\/wp-json\/wp\/v2\/users\/1"}],"replies":[{"embeddable":true,"href":"https:\/\/www.nicholasbeecroft.fr\/index.php\/wp-json\/wp\/v2\/comments?post=106"}],"version-history":[{"count":4,"href":"https:\/\/www.nicholasbeecroft.fr\/index.php\/wp-json\/wp\/v2\/pages\/106\/revisions"}],"predecessor-version":[{"id":555,"href":"https:\/\/www.nicholasbeecroft.fr\/index.php\/wp-json\/wp\/v2\/pages\/106\/revisions\/555"}],"wp:attachment":[{"href":"https:\/\/www.nicholasbeecroft.fr\/index.php\/wp-json\/wp\/v2\/media?parent=106"}],"curies":[{"name":"wp","href":"https:\/\/api.w.org\/{rel}","templated":true}]}}